{"id":327,"date":"2024-08-12T18:28:57","date_gmt":"2024-08-12T22:28:57","guid":{"rendered":"https:\/\/clientes.gimenez.com.py\/unc\/?page_id=327"},"modified":"2024-10-22T11:55:44","modified_gmt":"2024-10-22T15:55:44","slug":"facultad-de-medicina","status":"publish","type":"page","link":"https:\/\/softcon.wnpower.host\/?page_id=327","title":{"rendered":"Facultad de Medicina"},"content":{"rendered":"<section class=\"l-section wpb_row height_medium\"><div class=\"l-section-h i-cf\"><div class=\"g-cols vc_row via_grid cols_2-1 laptops-cols_inherit tablets-cols_inherit mobiles-cols_1 valign_top type_default stacking_default\"><div class=\"wpb_column vc_column_container\"><div class=\"vc_column-inner\"><div class=\"wpb_text_column\"><div class=\"wpb_wrapper\"><h3>Facultad de Medicina<\/h3>\n<\/div><\/div><div class=\"w-separator size_small\"><\/div><div class=\"wpb_text_column\"><div class=\"wpb_wrapper\"><h4><strong>Carreras de grado<\/strong><\/h4>\n<table width=\"425\">\n<tbody>\n<tr>\n<td width=\"147\"><strong>Carrera<\/strong><\/td>\n<td width=\"132\"><strong>Sede o Filial<\/strong><\/td>\n<td width=\"147\"><strong>Res. CONES<\/strong><\/td>\n<\/tr>\n<tr>\n<td width=\"147\">Medicina<\/td>\n<td width=\"132\">Central\/Concepci\u00f3n<\/td>\n<td width=\"147\"><a href=\"https:\/\/drive.google.com\/open?id=0B5YtqOEn25_NdGhBSHBMX25QTVU\"><strong>160\/16<\/strong><\/a><\/td>\n<\/tr>\n<tr>\n<td width=\"147\">Nutrici\u00f3n<\/td>\n<td width=\"132\">Central\/Concepci\u00f3n<\/td>\n<td width=\"147\"><a href=\"https:\/\/drive.google.com\/open?id=0B5YtqOEn25_NZXpLY3VBOHAwZ2s\"><strong>532\/16<\/strong><\/a><\/td>\n<\/tr>\n<\/tbody>\n<\/table>\n<\/div><\/div><div class=\"w-separator size_medium\"><\/div><div class=\"wpb_text_column\"><div class=\"wpb_wrapper\"><h4><strong>Programas de Pos Grado<\/strong><\/h4>\n<table width=\"425\">\n<tbody>\n<tr>\n<td width=\"147\"><strong>Programa<\/strong><\/td>\n<td width=\"132\"><strong>Sede o Filial<\/strong><\/td>\n<td width=\"147\"><strong>Res. CONES<\/strong><\/td>\n<\/tr>\n<tr>\n<td width=\"147\">Especializaci\u00f3n en Salud Publica<\/td>\n<td width=\"132\">Central\/Concepci\u00f3n<\/td>\n<td width=\"147\"><a href=\"https:\/\/drive.google.com\/open?id=0B5YtqOEn25_Nd1Z6UThBOWt1T2c\"><strong>72\/16<\/strong><\/a><\/td>\n<\/tr>\n<tr>\n<td width=\"147\">Especializaci\u00f3n en Medicina Familiar y Comunitaria<\/td>\n<td width=\"132\">Concepci\u00f3n<\/td>\n<td width=\"147\"><a href=\"https:\/\/drive.google.com\/open?id=1SIOYertzWFjXV8b_TtbYWMZ0vKs1kqD4\"><strong>157\/18<br \/>\nRectificaci\u00f3n<\/strong> <strong>CONES\u00a0N\u00b0<\/strong> <strong>554\/23<\/strong><\/a><\/td>\n<\/tr>\n<\/tbody>\n<\/table>\n<\/div><\/div><div class=\"wpb_column vc_column_container\"><div class=\"vc_column-inner\"><\/div><\/div><\/div><\/div><div class=\"wpb_column vc_column_container us_custom_1153e2dc\"><div class=\"vc_column-overlay\" style=\"background:#f5f5f5\"><\/div><div class=\"vc_column-inner\"><div class=\"w-separator size_small\"><\/div><div class=\"wpb_text_column\"><div class=\"wpb_wrapper\"><h4 style=\"text-align: center;\">\u00a1Para m\u00e1s informaci\u00f3n, visit\u00e1 el sitio web de esta facultad!<\/h4>\n<\/div><\/div><div class=\"w-separator size_small\"><\/div><div class=\"w-btn-wrapper align_center\"><a class=\"w-btn us-btn-style_1\" target=\"_blank\" rel=\"nofollow\" href=\"https:\/\/fmedicina-unc.edu.py\/ \"><span class=\"w-btn-label\">Ir al sitio<\/span><\/a><\/div><div class=\"w-separator size_small\"><\/div><div class=\"wpb_text_column\"><div class=\"wpb_wrapper\"><p>Direcci\u00f3n Campus Universitario: Ruta Py05, Km 210.<br \/>\nDirecci\u00f3n 2 \u2013 Predio Hospital Regional: Prof. Guillermo Cabral y Dr. Marcial Royg Bernal.<\/p>\n<p>Tel\u00e9fono: (595 331) \u2013 242591; 241022.<\/p>\n<p>Email: fm-secretariageneral@unc.edu.py<\/p>\n<p>P\u00e1gina Web:<br \/>\nwww.fmedicina-unc.edu.py.<\/p>\n<\/div><\/div><div class=\"w-separator size_medium\"><\/div><div class=\"wpb_text_column\"><div class=\"wpb_wrapper\"><h4 style=\"text-align: center;\">Conozca m\u00e1s sobre otras facultades de la UNC<\/h4>\n<\/div><\/div><div class=\"w-separator size_medium\"><\/div><div class=\"g-cols wpb_row via_grid cols_2 laptops-cols_inherit tablets-cols_inherit mobiles-cols_1 valign_top type_default stacking_default\" style=\"--gap:3rem;\"><div class=\"wpb_column vc_column_container\"><div class=\"vc_column-inner\"><div class=\"w-image align_none\"><a title=\"Facultad Odontolog\u00eda\" href=\"https:\/\/new.unc.edu.py\/facultad-odontologia\/\" aria-label=\"FOD\" class=\"w-image-h\"><img decoding=\"async\" width=\"601\" height=\"601\" src=\"https:\/\/softcon.wnpower.host\/wp-content\/uploads\/2024\/08\/FOD.png\" class=\"attachment-large size-large\" alt=\"\" loading=\"lazy\" srcset=\"https:\/\/softcon.wnpower.host\/wp-content\/uploads\/2024\/08\/FOD.png 601w, https:\/\/softcon.wnpower.host\/wp-content\/uploads\/2024\/08\/FOD-300x300.png 300w, https:\/\/softcon.wnpower.host\/wp-content\/uploads\/2024\/08\/FOD-150x150.png 150w\" sizes=\"auto, (max-width: 601px) 100vw, 601px\" \/><\/a><\/div><\/div><\/div><div class=\"wpb_column vc_column_container\"><div class=\"vc_column-inner\"><div class=\"w-image align_none\"><a title=\"Facultad de Medicina\" href=\"https:\/\/new.unc.edu.py\/facultad-de-medicina\/\" aria-label=\"FM\" class=\"w-image-h\"><img decoding=\"async\" width=\"601\" height=\"601\" src=\"https:\/\/softcon.wnpower.host\/wp-content\/uploads\/2024\/08\/FM.png\" class=\"attachment-large size-large\" alt=\"\" loading=\"lazy\" srcset=\"https:\/\/softcon.wnpower.host\/wp-content\/uploads\/2024\/08\/FM.png 601w, https:\/\/softcon.wnpower.host\/wp-content\/uploads\/2024\/08\/FM-300x300.png 300w, https:\/\/softcon.wnpower.host\/wp-content\/uploads\/2024\/08\/FM-150x150.png 150w\" sizes=\"auto, (max-width: 601px) 100vw, 601px\" \/><\/a><\/div><\/div><\/div><\/div><div class=\"w-separator size_small\"><\/div><div class=\"g-cols wpb_row via_grid cols_2 laptops-cols_inherit tablets-cols_inherit mobiles-cols_1 valign_top type_default stacking_default\" style=\"--gap:3rem;\"><div class=\"wpb_column vc_column_container\"><div class=\"vc_column-inner\"><div class=\"w-image align_none\"><a title=\"Facultad de Ciencias Exactas y Tecnol\u00f3gicas\" href=\"https:\/\/new.unc.edu.py\/facultad-de-humanidades-y-ciencias-de-la-educacion\/\" aria-label=\"FU\" class=\"w-image-h\"><img decoding=\"async\" width=\"601\" height=\"601\" src=\"https:\/\/softcon.wnpower.host\/wp-content\/uploads\/2024\/08\/FU.png\" class=\"attachment-large size-large\" alt=\"\" loading=\"lazy\" srcset=\"https:\/\/softcon.wnpower.host\/wp-content\/uploads\/2024\/08\/FU.png 601w, https:\/\/softcon.wnpower.host\/wp-content\/uploads\/2024\/08\/FU-300x300.png 300w, https:\/\/softcon.wnpower.host\/wp-content\/uploads\/2024\/08\/FU-150x150.png 150w\" sizes=\"auto, (max-width: 601px) 100vw, 601px\" \/><\/a><\/div><\/div><\/div><div class=\"wpb_column vc_column_container\"><div class=\"vc_column-inner\"><div class=\"w-image align_none\"><a title=\"Facultad de Ciencias Agrarias\" href=\"https:\/\/new.unc.edu.py\/facultad-de-ciencias-economicas-y-administrativas\/\" aria-label=\"FCEA\" class=\"w-image-h\"><img decoding=\"async\" width=\"601\" height=\"601\" src=\"https:\/\/softcon.wnpower.host\/wp-content\/uploads\/2024\/08\/FCEA.png\" class=\"attachment-large size-large\" alt=\"\" loading=\"lazy\" srcset=\"https:\/\/softcon.wnpower.host\/wp-content\/uploads\/2024\/08\/FCEA.png 601w, https:\/\/softcon.wnpower.host\/wp-content\/uploads\/2024\/08\/FCEA-300x300.png 300w, https:\/\/softcon.wnpower.host\/wp-content\/uploads\/2024\/08\/FCEA-150x150.png 150w\" sizes=\"auto, (max-width: 601px) 100vw, 601px\" \/><\/a><\/div><\/div><\/div><\/div><div class=\"w-separator size_small\"><\/div><div class=\"g-cols wpb_row via_grid cols_2 laptops-cols_inherit tablets-cols_inherit mobiles-cols_1 valign_top type_default stacking_default\" style=\"--gap:3rem;\"><div class=\"wpb_column vc_column_container\"><div class=\"vc_column-inner\"><div class=\"w-image align_none\"><a title=\"Facultad de Ciencias Exactas y Tecnol\u00f3gicas\" href=\"https:\/\/new.unc.edu.py\/facultad-de-ciencias-exactas-y-tecnologicas\/\" aria-label=\"FCE\" class=\"w-image-h\"><img decoding=\"async\" width=\"601\" height=\"601\" src=\"https:\/\/softcon.wnpower.host\/wp-content\/uploads\/2024\/08\/FCE.png\" class=\"attachment-large size-large\" alt=\"\" loading=\"lazy\" srcset=\"https:\/\/softcon.wnpower.host\/wp-content\/uploads\/2024\/08\/FCE.png 601w, https:\/\/softcon.wnpower.host\/wp-content\/uploads\/2024\/08\/FCE-300x300.png 300w, https:\/\/softcon.wnpower.host\/wp-content\/uploads\/2024\/08\/FCE-150x150.png 150w\" sizes=\"auto, (max-width: 601px) 100vw, 601px\" \/><\/a><\/div><\/div><\/div><div class=\"wpb_column vc_column_container\"><div class=\"vc_column-inner\"><div class=\"w-image align_none\"><a title=\"Facultad de Ciencias Agrarias\" href=\"https:\/\/new.unc.edu.py\/facultad-de-ciencias-agrarias\/\" aria-label=\"FCA\" class=\"w-image-h\"><img decoding=\"async\" width=\"601\" height=\"601\" src=\"https:\/\/softcon.wnpower.host\/wp-content\/uploads\/2024\/08\/FCA.png\" class=\"attachment-large size-large\" alt=\"\" loading=\"lazy\" srcset=\"https:\/\/softcon.wnpower.host\/wp-content\/uploads\/2024\/08\/FCA.png 601w, https:\/\/softcon.wnpower.host\/wp-content\/uploads\/2024\/08\/FCA-300x300.png 300w, https:\/\/softcon.wnpower.host\/wp-content\/uploads\/2024\/08\/FCA-150x150.png 150w\" sizes=\"auto, (max-width: 601px) 100vw, 601px\" \/><\/a><\/div><\/div><\/div><\/div><\/div><\/div><\/div><\/div><\/section><section class=\"l-section wpb_row height_medium\"><div class=\"l-section-h i-cf\"><div class=\"g-cols vc_row via_grid cols_1 laptops-cols_inherit tablets-cols_inherit mobiles-cols_1 valign_top type_default stacking_default\"><div class=\"wpb_column vc_column_container\"><div class=\"vc_column-inner\"><div class=\"wpb_text_column\"><div class=\"wpb_wrapper\"><h3><strong>Aranceles<\/strong><\/h3>\n<\/div><\/div><div class=\"w-separator size_medium\"><\/div><div class=\"g-cols wpb_row via_grid cols_1 laptops-cols_inherit tablets-cols_inherit mobiles-cols_1 valign_top type_default stacking_default\" style=\"--gap:3rem;\"><div class=\"wpb_column vc_column_container\"><div class=\"vc_column-inner\"><div class=\"w-tabs layout_hor style_default switch_click has_scrolling\" style=\"--sections-title-size:1em\"><div class=\"w-tabs-list items_4 align_none\"><div class=\"w-tabs-list-h\"><button class=\"w-tabs-item active\" aria-controls=\"content-w609\" aria-expanded=\"false\"><span class=\"w-tabs-item-title\">Multas<\/span><\/button><button class=\"w-tabs-item\" aria-controls=\"content-m83a\" aria-expanded=\"false\"><span class=\"w-tabs-item-title\">Venta de Libros, formularios y documentos<\/span><\/button><button class=\"w-tabs-item\" aria-controls=\"content-baaf\" aria-expanded=\"false\"><span class=\"w-tabs-item-title\">Venta de Servicios de la Administraci\u00f3n P\u00fablica<\/span><\/button><button class=\"w-tabs-item\" aria-controls=\"content-sc1c\" aria-expanded=\"false\"><span class=\"w-tabs-item-title\">Servicios M\u00e9dicos y Hospitalarios<\/span><\/button><\/div><\/div><div class=\"w-tabs-sections titles-align_none icon_chevron cpos_right\"><div class=\"w-tabs-section active\" id=\"w609\"><button class=\"w-tabs-section-header active\" aria-controls=\"content-w609\" aria-expanded=\"true\"><div class=\"w-tabs-section-title\">Multas<\/div><div class=\"w-tabs-section-control\"><\/div><\/button><div  class=\"w-tabs-section-content\" id=\"content-w609\"><div class=\"w-tabs-section-content-h i-cf\"><div class=\"wpb_text_column\"><div class=\"wpb_wrapper\"><table dir=\"ltr\" border=\"1\" cellspacing=\"0\" cellpadding=\"0\" data-sheets-root=\"1\" data-sheets-baot=\"1\">\n<colgroup>\n<col width=\"494\" \/>\n<col width=\"80\" \/><\/colgroup>\n<tbody>\n<tr>\n<td>Multa por retraso de Matr\u00edcula<\/td>\n<td>10.000<\/td>\n<\/tr>\n<tr>\n<td>Multa por retraso de cuotas<\/td>\n<td>10.000<\/td>\n<\/tr>\n<tr>\n<td>Multa por retraso de devoluci\u00f3n de libros por d\u00eda<\/td>\n<td>1.000<\/td>\n<\/tr>\n<\/tbody>\n<\/table>\n<\/div><\/div><\/div><\/div><\/div><div class=\"w-tabs-section\" id=\"m83a\"><button class=\"w-tabs-section-header\" aria-controls=\"content-m83a\" aria-expanded=\"false\"><div class=\"w-tabs-section-title\">Venta de Libros, formularios y documentos<\/div><div class=\"w-tabs-section-control\"><\/div><\/button><div  class=\"w-tabs-section-content\" id=\"content-m83a\"><div class=\"w-tabs-section-content-h i-cf\"><div class=\"wpb_text_column\"><div class=\"wpb_wrapper\"><table dir=\"ltr\" border=\"1\" cellspacing=\"0\" cellpadding=\"0\" data-sheets-root=\"1\" data-sheets-baot=\"1\">\n<colgroup>\n<col width=\"494\" \/>\n<col width=\"80\" \/><\/colgroup>\n<tbody>\n<tr>\n<td>Constancias Varias<\/td>\n<td>30.000<\/td>\n<\/tr>\n<tr>\n<td>Carnet Universitario<\/td>\n<td>20.000<\/td>\n<\/tr>\n<tr>\n<td>Libreta \u00danica<\/td>\n<td>70.000<\/td>\n<\/tr>\n<tr>\n<td>Venta de programas de estudios foliados y rubricados por materia<\/td>\n<td>50.000<\/td>\n<\/tr>\n<tr>\n<td>Venta de Programas de Estudios C.P.I.<\/td>\n<td>20.000<\/td>\n<\/tr>\n<tr>\n<td>Carpeta para Concurso<\/td>\n<td>150.000<\/td>\n<\/tr>\n<tr>\n<td>Certificado de Estudios parcial y completo<\/td>\n<td>42.000<\/td>\n<\/tr>\n<tr>\n<td>Credencial de estudiante-funcionario-docente<\/td>\n<td>100.000<\/td>\n<\/tr>\n<tr>\n<td>Formulario de inscripci\u00f3n final Curso-Taller<\/td>\n<td>500.000<\/td>\n<\/tr>\n<\/tbody>\n<\/table>\n<\/div><\/div><\/div><\/div><\/div><div class=\"w-tabs-section\" id=\"baaf\"><button class=\"w-tabs-section-header\" aria-controls=\"content-baaf\" aria-expanded=\"false\"><div class=\"w-tabs-section-title\">Venta de Servicios de la Administraci\u00f3n P\u00fablica<\/div><div class=\"w-tabs-section-control\"><\/div><\/button><div  class=\"w-tabs-section-content\" id=\"content-baaf\"><div class=\"w-tabs-section-content-h i-cf\"><div class=\"wpb_text_column\"><div class=\"wpb_wrapper\"><table dir=\"ltr\" border=\"1\" cellspacing=\"0\" cellpadding=\"0\" data-sheets-root=\"1\" data-sheets-baot=\"1\">\n<colgroup>\n<col width=\"494\" \/>\n<col width=\"80\" \/><\/colgroup>\n<tbody>\n<tr>\n<td>Aranceles Educativos<\/td>\n<td><\/td>\n<\/tr>\n<tr>\n<td>Matr\u00edcula Curso de Grado<\/td>\n<td>500.000<\/td>\n<\/tr>\n<tr>\n<td>Matr\u00edcula Post-Grado<\/td>\n<td>500.000<\/td>\n<\/tr>\n<tr>\n<td>Cuota de Curso de Grado<\/td>\n<td>100.000<\/td>\n<\/tr>\n<tr>\n<td>Cuota Recursante<\/td>\n<td>50.000<\/td>\n<\/tr>\n<tr>\n<td>Cuota Post-Grado<\/td>\n<td>300.000<\/td>\n<\/tr>\n<tr>\n<td>Derecho de Examen 1\u00ba Oportunidad<\/td>\n<td>45.000<\/td>\n<\/tr>\n<tr>\n<td>Derecho de Examen 2\u00ba Oportunidad<\/td>\n<td>50.000<\/td>\n<\/tr>\n<tr>\n<td>Derecho de Examen 3\u00ba Oportunidad<\/td>\n<td>55.000<\/td>\n<\/tr>\n<tr>\n<td>Derecho de Examen Medicina Familiar<\/td>\n<td>350.000<\/td>\n<\/tr>\n<tr>\n<td>Matr\u00edcula Curso de Capacitaci\u00f3n<\/td>\n<td>200.000<\/td>\n<\/tr>\n<tr>\n<td>Cuota Curso-Taller<\/td>\n<td>100.000<\/td>\n<\/tr>\n<tr>\n<td>Inscripci\u00f3n Curso-Taller<\/td>\n<td>500.000<\/td>\n<\/tr>\n<tr>\n<td>Defensa de Trabajos Postgrado (tesis y monograf\u00edas)<\/td>\n<td>500.000<\/td>\n<\/tr>\n<\/tbody>\n<\/table>\n<\/div><\/div><\/div><\/div><\/div><div class=\"w-tabs-section\" id=\"sc1c\"><button class=\"w-tabs-section-header\" aria-controls=\"content-sc1c\" aria-expanded=\"false\"><div class=\"w-tabs-section-title\">Servicios M\u00e9dicos y Hospitalarios<\/div><div class=\"w-tabs-section-control\"><\/div><\/button><div  class=\"w-tabs-section-content\" id=\"content-sc1c\"><div class=\"w-tabs-section-content-h i-cf\"><div class=\"wpb_text_column\"><div class=\"wpb_wrapper\"><table dir=\"ltr\" border=\"1\" cellspacing=\"0\" cellpadding=\"0\" data-sheets-root=\"1\" data-sheets-baot=\"1\">\n<colgroup>\n<col width=\"494\" \/>\n<col width=\"80\" \/><\/colgroup>\n<tbody>\n<tr>\n<td>Consultas M\u00e9dicas<\/td>\n<td>10.000<\/td>\n<\/tr>\n<tr>\n<td>Estudios Laboratoriales<\/td>\n<td>10.000<\/td>\n<\/tr>\n<\/tbody>\n<\/table>\n<\/div><\/div><\/div><\/div><\/div><\/div><\/div><\/div><\/div><\/div><\/div><\/div><\/div><\/div><\/section>\n","protected":false},"excerpt":{"rendered":"Facultad de Medicina Carreras de grado Carrera Sede o Filial Res. CONES Medicina Central\/Concepci\u00f3n 160\/16 Nutrici\u00f3n Central\/Concepci\u00f3n 532\/16 Programas de Pos Grado Programa Sede o Filial Res. CONES Especializaci\u00f3n en Salud Publica Central\/Concepci\u00f3n 72\/16 Especializaci\u00f3n en Medicina Familiar y Comunitaria Concepci\u00f3n 157\/18 Rectificaci\u00f3n CONES\u00a0N\u00b0 554\/23 \u00a1Para m\u00e1s informaci\u00f3n, visit\u00e1 el sitio web de esta facultad!...","protected":false},"author":1,"featured_media":0,"parent":0,"menu_order":0,"comment_status":"closed","ping_status":"closed","template":"","meta":{"footnotes":""},"class_list":["post-327","page","type-page","status-publish","hentry"],"_links":{"self":[{"href":"https:\/\/softcon.wnpower.host\/index.php?rest_route=\/wp\/v2\/pages\/327","targetHints":{"allow":["GET"]}}],"collection":[{"href":"https:\/\/softcon.wnpower.host\/index.php?rest_route=\/wp\/v2\/pages"}],"about":[{"href":"https:\/\/softcon.wnpower.host\/index.php?rest_route=\/wp\/v2\/types\/page"}],"author":[{"embeddable":true,"href":"https:\/\/softcon.wnpower.host\/index.php?rest_route=\/wp\/v2\/users\/1"}],"replies":[{"embeddable":true,"href":"https:\/\/softcon.wnpower.host\/index.php?rest_route=%2Fwp%2Fv2%2Fcomments&post=327"}],"version-history":[{"count":10,"href":"https:\/\/softcon.wnpower.host\/index.php?rest_route=\/wp\/v2\/pages\/327\/revisions"}],"predecessor-version":[{"id":26701,"href":"https:\/\/softcon.wnpower.host\/index.php?rest_route=\/wp\/v2\/pages\/327\/revisions\/26701"}],"wp:attachment":[{"href":"https:\/\/softcon.wnpower.host\/index.php?rest_route=%2Fwp%2Fv2%2Fmedia&parent=327"}],"curies":[{"name":"wp","href":"https:\/\/api.w.org\/{rel}","templated":true}]}}