{"id":328,"date":"2024-08-12T18:29:18","date_gmt":"2024-08-12T22:29:18","guid":{"rendered":"https:\/\/clientes.gimenez.com.py\/unc\/?page_id=328"},"modified":"2025-02-12T09:43:07","modified_gmt":"2025-02-12T13:43:07","slug":"facultad-de-humanidades-y-ciencias-de-la-educacion","status":"publish","type":"page","link":"https:\/\/softcon.wnpower.host\/?page_id=328","title":{"rendered":"Facultad de Humanidades y Ciencias de la Educaci\u00f3n"},"content":{"rendered":"<section class=\"l-section wpb_row height_medium\"><div class=\"l-section-h i-cf\"><div class=\"g-cols vc_row via_grid cols_2-1 laptops-cols_inherit tablets-cols_inherit mobiles-cols_1 valign_top type_default stacking_default\"><div class=\"wpb_column vc_column_container\"><div class=\"vc_column-inner\"><div class=\"wpb_text_column\"><div class=\"wpb_wrapper\"><h3>Facultad de Humanidades y Ciencias de la Educaci\u00f3n<\/h3>\n<\/div><\/div><div class=\"w-separator size_small\"><\/div><div class=\"wpb_text_column\"><div class=\"wpb_wrapper\"><h4><strong>Carreras de grado<\/strong><\/h4>\n<p>&nbsp;<\/p>\n<table width=\"425\">\n<tbody>\n<tr>\n<td width=\"147\"><strong>Carrera<\/strong><\/td>\n<td width=\"132\"><strong>Sede o Filial<br \/>\n<\/strong><\/td>\n<td width=\"147\"><strong>Res. CONES<\/strong><\/td>\n<\/tr>\n<tr>\n<td width=\"147\">Licenciatura en Ciencias de la Educaci\u00f3n<\/td>\n<td width=\"132\">Central\/Concepci\u00f3n<\/td>\n<td width=\"147\"><a href=\"https:\/\/drive.google.com\/open?id=0B5YtqOEn25_NaUUxVHBvWGFmN2s\"><strong>156\/15<\/strong><\/a><\/td>\n<\/tr>\n<tr>\n<td width=\"147\">Licenciatura en Psicopedagog\u00eda<\/td>\n<td width=\"132\">Central\/Concepci\u00f3n<\/td>\n<td width=\"147\"><a href=\"https:\/\/drive.google.com\/file\/d\/0B5YtqOEn25_NdjRCUnFzd0d1ek0\/view?usp=sharing&amp;amp;resourcekey=0-VLkS3wdwZXvEnhCQhFrRpA\"><strong>162\/15<\/strong><\/a><\/td>\n<\/tr>\n<tr>\n<td width=\"147\">Licenciatura en Interculturalidad<\/td>\n<td width=\"132\">Central\/Concepci\u00f3n<\/td>\n<td width=\"147\"><a href=\"https:\/\/drive.google.com\/open?id=0B5YtqOEn25_NM0VaNm43aU9YQzA\"><strong>263\/16<\/strong><\/a><\/td>\n<\/tr>\n<tr>\n<td width=\"147\">Licenciatura en Ciencias de la Educaci\u00f3n enfoque por Competencias<\/td>\n<td width=\"132\">Central\/Concepci\u00f3n<\/td>\n<td width=\"147\"><a href=\"https:\/\/drive.google.com\/open?id=0B5YtqOEn25_NbWdBclFQZjQ4eGc\"><strong>521\/16<\/strong><\/a><\/td>\n<\/tr>\n<tr>\n<td width=\"147\">Licenciatura en Trabajo Social<\/td>\n<td width=\"132\">Central\/Concepci\u00f3n<\/td>\n<td width=\"147\"><a href=\"https:\/\/drive.google.com\/open?id=0B5YtqOEn25_NSUw2R2ROTVRZTDA\"><strong>560\/16<\/strong><\/a><\/td>\n<\/tr>\n<tr>\n<td width=\"147\">Licenciatura en Ciencias de la Comunicaci\u00f3n Social<\/td>\n<td width=\"132\">Concepci\u00f3n<\/td>\n<td width=\"147\"><a href=\"https:\/\/drive.google.com\/open?id=1NS6cMIDmkKrPSsA6t0PwV37A40zvhgYM\"><strong>710\/17<\/strong><\/a><\/td>\n<\/tr>\n<tr>\n<td width=\"147\">Licenciatura en Educaci\u00f3n Escolar B\u00e1sica<\/td>\n<td width=\"132\">Concepci\u00f3n<\/td>\n<td width=\"147\"><a href=\"https:\/\/drive.google.com\/file\/d\/1W9MgbCAwrHeYcjPCyyy5A2ShMOur0-EY\/view?usp=sharing\"><strong>97\/21<br \/>\nRectificaci\u00f3n<\/strong> <strong>CONES\u00a0N\u00b0<\/strong> <strong>89\/24<\/strong><\/a><\/td>\n<\/tr>\n<tr>\n<td width=\"147\">Psicolog\u00eda<\/td>\n<td width=\"132\">Concepci\u00f3n<\/td>\n<td width=\"147\"><a href=\"https:\/\/drive.google.com\/file\/d\/1ZTpQBMVtb2SqttQnoERmd3lTrg1jxZo5\/view?usp=sharing\"><strong>137\/21<\/strong><\/a><\/td>\n<\/tr>\n<tr>\n<td width=\"147\">Licenciatura en Educaci\u00f3n Escolar B\u00e1sica<\/td>\n<td width=\"132\">Fuerte Olimpo<\/td>\n<td width=\"147\"><a href=\"https:\/\/drive.google.com\/file\/d\/1LG0yMu1d4amjRUB83XWM8r_jcC7cinwq\/view?usp=sharing\"><strong>371\/21<\/strong><\/a><\/td>\n<\/tr>\n<tr>\n<td width=\"147\">Licenciatura en Trabajo Social<\/td>\n<td width=\"132\">Yby Yau<\/td>\n<td width=\"147\"><a href=\"https:\/\/drive.google.com\/file\/d\/1pMBDAy4IyCinpKwlsMmZbKIRBGEA3bt4\/view?usp=sharing\"><strong>373\/21<\/strong><\/a><\/td>\n<\/tr>\n<tr>\n<td width=\"147\">Licenciatura en Educaci\u00f3n Escolar B\u00e1sica<\/td>\n<td width=\"132\">Yby Yau<\/td>\n<td width=\"147\"><a href=\"https:\/\/drive.google.com\/file\/d\/1QWDPeYyTzoDrJBi2SunoE-klGyXwAT8P\/view?usp=sharing\"><strong>374\/21<\/strong><\/a><\/td>\n<\/tr>\n<tr>\n<td width=\"147\">Licenciatura en Ciencias de la Educaci\u00f3n con \u00c9nfasis en Ciencias Sociales<\/td>\n<td width=\"132\">Central \u2013 Concepci\u00f3n<\/td>\n<td width=\"147\"><a href=\"https:\/\/drive.google.com\/file\/d\/1ozEh_Q6EWvUesMHBLRmiEtqxlpyfNVQD\/view?usp=sharing\"><strong>428\/21<\/strong><\/a><\/td>\n<\/tr>\n<tr>\n<td width=\"147\">Licenciatura en Ciencias de la Educaci\u00f3n con \u00c9nfasis en Lengua y Literatura Castellano Guaran\u00ed<\/td>\n<td width=\"132\">Central \u2013 Concepci\u00f3n<\/td>\n<td width=\"147\"><a href=\"https:\/\/drive.google.com\/file\/d\/14q2jih0IpMP3SoPm1a0LBxW9KIwNMeLG\/view?usp=sharing\"><strong>429\/21<\/strong><\/a><\/td>\n<\/tr>\n<tr>\n<td width=\"147\">Licenciatura en\u00a0 Educaci\u00f3n de la Lengua y Literatura Castellana<\/td>\n<td width=\"132\">Central \u2013 Concepci\u00f3n<\/td>\n<td style=\"text-align: left;\" width=\"147\"><strong><a href=\"https:\/\/drive.google.com\/file\/d\/1dGB02TlYboK4YnBCXfoqKTQiBhbf4JEh\/view\" target=\"_blank\" rel=\"noopener\">36\/2024<\/a><\/strong><\/td>\n<\/tr>\n<\/tbody>\n<\/table>\n<\/div><\/div><div class=\"w-separator size_medium\"><\/div><div class=\"wpb_text_column\"><div class=\"wpb_wrapper\"><h4><strong>Programas de Pos Grado<\/strong><\/h4>\n<table width=\"425\">\n<tbody>\n<tr>\n<td width=\"147\"><strong>Programa<\/strong><\/td>\n<td width=\"132\"><strong>Sede o Filial<\/strong><\/td>\n<td width=\"147\"><strong>Res. CONES<\/strong><\/td>\n<\/tr>\n<tr>\n<td width=\"147\">Especializaci\u00f3n en Investigaci\u00f3n Cient\u00edfica<\/td>\n<td width=\"132\">Central\/Concepci\u00f3n<\/td>\n<td width=\"147\"><a href=\"https:\/\/drive.google.com\/file\/d\/0B5YtqOEn25_NalhmYWgtbC1kbTA\/view?usp=sharing&amp;amp;resourcekey=0-Kobtjmu6qw0injuSEIXynA\"><strong>284\/16<\/strong><\/a><\/td>\n<\/tr>\n<tr>\n<td width=\"147\">Especializaci\u00f3n en Evaluaci\u00f3n Educativa<\/td>\n<td width=\"132\">Central\/Concepci\u00f3n<\/td>\n<td width=\"147\"><a href=\"https:\/\/drive.google.com\/open?id=0B5YtqOEn25_NV3ZLbzJuQjUzbUU\"><strong>286\/16<\/strong><\/a><\/td>\n<\/tr>\n<tr>\n<td width=\"147\">Maestr\u00eda en Investigaci\u00f3n Cient\u00edfica<\/td>\n<td width=\"132\">Central\/Concepci\u00f3n<\/td>\n<td width=\"147\"><a href=\"https:\/\/drive.google.com\/file\/d\/0B5YtqOEn25_NVG1DV0JQMGdQYk0\/view?usp=sharing&amp;amp;resourcekey=0-OBzwAwPtWqOI02MDUWo3vg\"><strong>645\/16<\/strong><\/a><\/td>\n<\/tr>\n<tr>\n<td width=\"147\">Maestr\u00eda en Derecho Penal<\/td>\n<td width=\"132\">Central\/Concepci\u00f3n<\/td>\n<td width=\"147\"><a href=\"https:\/\/drive.google.com\/file\/d\/0B5YtqOEn25_NTl91NTgzWVpCTGc\/view?usp=sharing&amp;amp;resourcekey=0-o8LnQabH3bjyHDQcvTx-Jg\"><strong>707\/16<\/strong><\/a><\/td>\n<\/tr>\n<tr>\n<td width=\"147\">Maestr\u00eda en Educaci\u00f3n con \u00e9nfasis en Evaluaci\u00f3n<\/td>\n<td width=\"132\">Central\/Concepci\u00f3n<\/td>\n<td width=\"147\"><a href=\"https:\/\/drive.google.com\/open?id=0B5YtqOEn25_NNGUxZmtvUktVaGM\"><strong>708\/16<\/strong><\/a><\/td>\n<\/tr>\n<tr>\n<td width=\"147\">Especializaci\u00f3n en Derecho Penal<\/td>\n<td width=\"132\">Central\/Concepci\u00f3n<\/td>\n<td width=\"147\"><a href=\"https:\/\/drive.google.com\/file\/d\/0B5YtqOEn25_NV2RwUnRTd0hVMFU\/view?usp=sharing&amp;amp;resourcekey=0-BhBrAqL1jtfICO4do9AsSQ\"><strong>710\/16<\/strong><\/a><\/td>\n<\/tr>\n<tr>\n<td width=\"147\">Especializaci\u00f3n en Evaluaci\u00f3n Educativa<\/td>\n<td width=\"132\">Central\/Concepci\u00f3n<\/td>\n<td width=\"147\"><a href=\"https:\/\/drive.google.com\/file\/d\/0B5YtqOEn25_NZkVZTlExNUd5N3c\/view?usp=sharing&amp;amp;resourcekey=0-oDKDzKVqwSpxbZbt8LnNYw\"><strong>711\/16<\/strong><\/a><\/td>\n<\/tr>\n<tr>\n<td width=\"147\">Maestr\u00eda en Educaci\u00f3n con Orientaci\u00f3n en Docencia Universitaria<\/td>\n<td width=\"132\">Central\/Concepci\u00f3n<\/td>\n<td width=\"147\"><a href=\"https:\/\/drive.google.com\/open?id=0B5YtqOEn25_NNE9Ud3hDb1NaZnM\"><strong>803\/16<\/strong><\/a><\/td>\n<\/tr>\n<tr>\n<td width=\"147\">Especializaci\u00f3n en Educaci\u00f3n Escolar B\u00e1sica<\/td>\n<td width=\"132\">Concepci\u00f3n<\/td>\n<td width=\"147\"><a href=\"https:\/\/drive.google.com\/file\/d\/1A-3Nhj00djdhfzbGq07gLZGXmFJQkx_M\/view?usp=sharing\"><strong>96\/21<br \/>\nRectificaci\u00f3n<\/strong> <strong>CONES\u00a0N\u00b0<\/strong> <strong>90\/24<\/strong><\/a><\/td>\n<\/tr>\n<tr>\n<td width=\"147\">Especializaci\u00f3n en Medicaci\u00f3n de Conflictos<\/td>\n<td width=\"132\">Central &#8211; Concepci\u00f3n<\/td>\n<td width=\"147\"><a href=\"https:\/\/drive.google.com\/file\/d\/1Nx93zuYs7C63ZRu3trj3c_I3R-4RZMAk\/view?usp=share_link\"><strong>443\/22<\/strong><\/a><\/td>\n<\/tr>\n<tr>\n<td width=\"147\">Capacitaci\u00f3n en Investigaci\u00f3n Cient\u00edfica<\/td>\n<td width=\"132\">Central &#8211; Concepci\u00f3n<\/td>\n<td width=\"147\"><a href=\"https:\/\/drive.google.com\/file\/d\/1ZY8i5aM9iuIwft7H2N8aMvPhyhJyOEef\/view?usp=share_link\"><strong>444\/22<\/strong><\/a><\/td>\n<\/tr>\n<tr>\n<td width=\"147\">Maestr\u00eda en Educaci\u00f3n Ind\u00edgena e Intercultural<\/td>\n<td width=\"132\">Central \u2013 Concepci\u00f3n<\/td>\n<td width=\"147\"><a href=\"https:\/\/drive.google.com\/file\/d\/1OPPtsfCbQlHqEtmqK2-iZGfaqDMG6PI4\/view?usp=sharing\"><strong>96\/23<\/strong><\/a><\/td>\n<\/tr>\n<\/tbody>\n<\/table>\n<\/div><\/div><\/div><\/div><div class=\"wpb_column vc_column_container us_custom_1153e2dc\"><div class=\"vc_column-overlay\" style=\"background:#f5f5f5\"><\/div><div class=\"vc_column-inner\"><div class=\"w-separator size_small\"><\/div><div class=\"wpb_text_column\"><div class=\"wpb_wrapper\"><h4 style=\"text-align: center;\">\u00a1Para m\u00e1s informaci\u00f3n, visit\u00e1 el sitio web de esta facultad!<\/h4>\n<\/div><\/div><div class=\"w-separator size_small\"><\/div><div class=\"w-btn-wrapper align_center\"><a class=\"w-btn us-btn-style_1\" rel=\"nofollow\" href=\"https:\/\/www.fhyce.edu.py\/ \"><span class=\"w-btn-label\">Ir al sitio<\/span><\/a><\/div><div class=\"w-separator size_small\"><\/div><div class=\"wpb_text_column\"><div class=\"wpb_wrapper\"><p>Direcci\u00f3n Campus Universitario: Ruta Py05, Km 210.<\/p>\n<p>Tel\u00e9fono: (595 331) \u2013 243176.<\/p>\n<p>Email: secgral@fhyce.edu.py;<br \/>\nEmail: administracion@fhyce.edu.py.<\/p>\n<p>P\u00e1gina Web:<br \/>\nwww.fhyce.edu.py.<\/p>\n<\/div><\/div><div class=\"w-separator size_medium\"><\/div><div class=\"wpb_text_column\"><div class=\"wpb_wrapper\"><h4 style=\"text-align: center;\">Conozca m\u00e1s sobre otras facultades de la UNC<\/h4>\n<\/div><\/div><div class=\"w-separator size_medium\"><\/div><div class=\"g-cols wpb_row via_grid cols_2 laptops-cols_inherit tablets-cols_inherit mobiles-cols_1 valign_top type_default stacking_default\" style=\"--gap:3rem;\"><div class=\"wpb_column vc_column_container\"><div class=\"vc_column-inner\"><div class=\"w-image align_none\"><a title=\"Facultad Odontolog\u00eda\" href=\"https:\/\/new.unc.edu.py\/facultad-odontologia\/\" aria-label=\"FOD\" class=\"w-image-h\"><img decoding=\"async\" width=\"601\" height=\"601\" src=\"https:\/\/softcon.wnpower.host\/wp-content\/uploads\/2024\/08\/FOD.png\" class=\"attachment-large size-large\" alt=\"\" loading=\"lazy\" srcset=\"https:\/\/softcon.wnpower.host\/wp-content\/uploads\/2024\/08\/FOD.png 601w, https:\/\/softcon.wnpower.host\/wp-content\/uploads\/2024\/08\/FOD-300x300.png 300w, https:\/\/softcon.wnpower.host\/wp-content\/uploads\/2024\/08\/FOD-150x150.png 150w\" sizes=\"auto, (max-width: 601px) 100vw, 601px\" \/><\/a><\/div><\/div><\/div><div class=\"wpb_column vc_column_container\"><div class=\"vc_column-inner\"><div class=\"w-image align_none\"><a title=\"Facultad de Medicina\" href=\"https:\/\/new.unc.edu.py\/facultad-de-medicina\/\" aria-label=\"FM\" class=\"w-image-h\"><img decoding=\"async\" width=\"601\" height=\"601\" src=\"https:\/\/softcon.wnpower.host\/wp-content\/uploads\/2024\/08\/FM.png\" class=\"attachment-large size-large\" alt=\"\" loading=\"lazy\" srcset=\"https:\/\/softcon.wnpower.host\/wp-content\/uploads\/2024\/08\/FM.png 601w, https:\/\/softcon.wnpower.host\/wp-content\/uploads\/2024\/08\/FM-300x300.png 300w, https:\/\/softcon.wnpower.host\/wp-content\/uploads\/2024\/08\/FM-150x150.png 150w\" sizes=\"auto, (max-width: 601px) 100vw, 601px\" \/><\/a><\/div><\/div><\/div><\/div><div class=\"w-separator size_small\"><\/div><div class=\"g-cols wpb_row via_grid cols_2 laptops-cols_inherit tablets-cols_inherit mobiles-cols_1 valign_top type_default stacking_default\" style=\"--gap:3rem;\"><div class=\"wpb_column vc_column_container\"><div class=\"vc_column-inner\"><div class=\"w-image align_none\"><a title=\"Facultad de Ciencias Exactas y Tecnol\u00f3gicas\" href=\"https:\/\/new.unc.edu.py\/facultad-de-humanidades-y-ciencias-de-la-educacion\/\" aria-label=\"FU\" class=\"w-image-h\"><img decoding=\"async\" width=\"601\" height=\"601\" src=\"https:\/\/softcon.wnpower.host\/wp-content\/uploads\/2024\/08\/FU.png\" class=\"attachment-large size-large\" alt=\"\" loading=\"lazy\" srcset=\"https:\/\/softcon.wnpower.host\/wp-content\/uploads\/2024\/08\/FU.png 601w, https:\/\/softcon.wnpower.host\/wp-content\/uploads\/2024\/08\/FU-300x300.png 300w, https:\/\/softcon.wnpower.host\/wp-content\/uploads\/2024\/08\/FU-150x150.png 150w\" sizes=\"auto, (max-width: 601px) 100vw, 601px\" \/><\/a><\/div><\/div><\/div><div class=\"wpb_column vc_column_container\"><div class=\"vc_column-inner\"><div class=\"w-image align_none\"><a title=\"Facultad de Ciencias Agrarias\" href=\"https:\/\/new.unc.edu.py\/facultad-de-ciencias-economicas-y-administrativas\/\" aria-label=\"FCEA\" class=\"w-image-h\"><img decoding=\"async\" width=\"601\" height=\"601\" src=\"https:\/\/softcon.wnpower.host\/wp-content\/uploads\/2024\/08\/FCEA.png\" class=\"attachment-large size-large\" alt=\"\" loading=\"lazy\" srcset=\"https:\/\/softcon.wnpower.host\/wp-content\/uploads\/2024\/08\/FCEA.png 601w, https:\/\/softcon.wnpower.host\/wp-content\/uploads\/2024\/08\/FCEA-300x300.png 300w, https:\/\/softcon.wnpower.host\/wp-content\/uploads\/2024\/08\/FCEA-150x150.png 150w\" sizes=\"auto, (max-width: 601px) 100vw, 601px\" \/><\/a><\/div><\/div><\/div><\/div><div class=\"w-separator size_small\"><\/div><div class=\"g-cols wpb_row via_grid cols_2 laptops-cols_inherit tablets-cols_inherit mobiles-cols_1 valign_top type_default stacking_default\" style=\"--gap:3rem;\"><div class=\"wpb_column vc_column_container\"><div class=\"vc_column-inner\"><div class=\"w-image align_none\"><a title=\"Facultad de Ciencias Exactas y Tecnol\u00f3gicas\" href=\"https:\/\/new.unc.edu.py\/facultad-de-ciencias-exactas-y-tecnologicas\/\" aria-label=\"FCE\" class=\"w-image-h\"><img decoding=\"async\" width=\"601\" height=\"601\" src=\"https:\/\/softcon.wnpower.host\/wp-content\/uploads\/2024\/08\/FCE.png\" class=\"attachment-large size-large\" alt=\"\" loading=\"lazy\" srcset=\"https:\/\/softcon.wnpower.host\/wp-content\/uploads\/2024\/08\/FCE.png 601w, https:\/\/softcon.wnpower.host\/wp-content\/uploads\/2024\/08\/FCE-300x300.png 300w, https:\/\/softcon.wnpower.host\/wp-content\/uploads\/2024\/08\/FCE-150x150.png 150w\" sizes=\"auto, (max-width: 601px) 100vw, 601px\" \/><\/a><\/div><\/div><\/div><div class=\"wpb_column vc_column_container\"><div class=\"vc_column-inner\"><div class=\"w-image align_none\"><a title=\"Facultad de Ciencias Agrarias\" href=\"https:\/\/new.unc.edu.py\/facultad-de-ciencias-agrarias\/\" aria-label=\"FCA\" class=\"w-image-h\"><img decoding=\"async\" width=\"601\" height=\"601\" src=\"https:\/\/softcon.wnpower.host\/wp-content\/uploads\/2024\/08\/FCA.png\" class=\"attachment-large size-large\" alt=\"\" loading=\"lazy\" srcset=\"https:\/\/softcon.wnpower.host\/wp-content\/uploads\/2024\/08\/FCA.png 601w, https:\/\/softcon.wnpower.host\/wp-content\/uploads\/2024\/08\/FCA-300x300.png 300w, https:\/\/softcon.wnpower.host\/wp-content\/uploads\/2024\/08\/FCA-150x150.png 150w\" sizes=\"auto, (max-width: 601px) 100vw, 601px\" \/><\/a><\/div><\/div><\/div><\/div><\/div><\/div><\/div><\/div><\/section><section class=\"l-section wpb_row height_medium\"><div class=\"l-section-h i-cf\"><div class=\"g-cols vc_row via_grid cols_1 laptops-cols_inherit tablets-cols_inherit mobiles-cols_1 valign_top type_default stacking_default\"><div class=\"wpb_column vc_column_container\"><div class=\"vc_column-inner\"><div class=\"wpb_text_column\"><div class=\"wpb_wrapper\"><h3><strong>Aranceles<\/strong><\/h3>\n<\/div><\/div><div class=\"w-separator size_medium\"><\/div><div class=\"g-cols wpb_row via_grid cols_1 laptops-cols_inherit tablets-cols_inherit mobiles-cols_1 valign_top type_default stacking_default\" style=\"--gap:3rem;\"><div class=\"wpb_column vc_column_container\"><div class=\"vc_column-inner\"><div class=\"w-tabs layout_hor style_default switch_click has_scrolling\" style=\"--sections-title-size:1em\"><div class=\"w-tabs-list items_4 align_none\"><div class=\"w-tabs-list-h\"><button class=\"w-tabs-item active\" aria-controls=\"content-n167\" aria-expanded=\"false\"><span class=\"w-tabs-item-title\">Multas<\/span><\/button><button class=\"w-tabs-item\" aria-controls=\"content-p319\" aria-expanded=\"false\"><span class=\"w-tabs-item-title\">Venta de Libros, formularios y documentos<\/span><\/button><button class=\"w-tabs-item\" aria-controls=\"content-i5bd\" aria-expanded=\"false\"><span class=\"w-tabs-item-title\">Venta de Servicios de la Administraci\u00f3n P\u00fablica<\/span><\/button><button class=\"w-tabs-item\" aria-controls=\"content-f705\" aria-expanded=\"false\"><span class=\"w-tabs-item-title\">Venta de servicios de Entidades Descentralizadas<\/span><\/button><\/div><\/div><div class=\"w-tabs-sections titles-align_none icon_chevron cpos_right\"><div class=\"w-tabs-section active\" id=\"n167\"><button class=\"w-tabs-section-header active\" aria-controls=\"content-n167\" aria-expanded=\"true\"><div class=\"w-tabs-section-title\">Multas<\/div><div class=\"w-tabs-section-control\"><\/div><\/button><div  class=\"w-tabs-section-content\" id=\"content-n167\"><div class=\"w-tabs-section-content-h i-cf\"><div class=\"wpb_text_column\"><div class=\"wpb_wrapper\"><table dir=\"ltr\" border=\"1\" cellspacing=\"0\" cellpadding=\"0\" data-sheets-root=\"1\" data-sheets-baot=\"1\">\n<colgroup>\n<col width=\"503\" \/>\n<col width=\"90\" \/><\/colgroup>\n<tbody>\n<tr>\n<td>Multa por retraso de matr\u00edcula<\/td>\n<td>10.000<\/td>\n<\/tr>\n<tr>\n<td>Multa por retraso de cuotas<\/td>\n<td>10.000<\/td>\n<\/tr>\n<\/tbody>\n<\/table>\n<\/div><\/div><\/div><\/div><\/div><div class=\"w-tabs-section\" id=\"p319\"><button class=\"w-tabs-section-header\" aria-controls=\"content-p319\" aria-expanded=\"false\"><div class=\"w-tabs-section-title\">Venta de Libros, formularios y documentos<\/div><div class=\"w-tabs-section-control\"><\/div><\/button><div  class=\"w-tabs-section-content\" id=\"content-p319\"><div class=\"w-tabs-section-content-h i-cf\"><div class=\"wpb_text_column\"><div class=\"wpb_wrapper\"><table dir=\"ltr\" border=\"1\" cellspacing=\"0\" cellpadding=\"0\" data-sheets-root=\"1\" data-sheets-baot=\"1\">\n<colgroup>\n<col width=\"503\" \/>\n<col width=\"90\" \/><\/colgroup>\n<tbody>\n<tr>\n<td>Venta de Programas de Estudio foliados y rubricados por materia<\/td>\n<td>50.000<\/td>\n<\/tr>\n<tr>\n<td>Venta de Programas de Estudios C.P.I.<\/td>\n<td>20.000<\/td>\n<\/tr>\n<tr>\n<td>Constancias Varias<\/td>\n<td>50.000<\/td>\n<\/tr>\n<tr>\n<td>Carpeta para concurso<\/td>\n<td>150.000<\/td>\n<\/tr>\n<tr>\n<td>Credencial de estudiante-funcionario-docente<\/td>\n<td>100.000<\/td>\n<\/tr>\n<tr>\n<td>Certificados de Estudios parcial y completo<\/td>\n<td>49.000<\/td>\n<\/tr>\n<\/tbody>\n<\/table>\n<\/div><\/div><\/div><\/div><\/div><div class=\"w-tabs-section\" id=\"i5bd\"><button class=\"w-tabs-section-header\" aria-controls=\"content-i5bd\" aria-expanded=\"false\"><div class=\"w-tabs-section-title\">Venta de Servicios de la Administraci\u00f3n P\u00fablica<\/div><div class=\"w-tabs-section-control\"><\/div><\/button><div  class=\"w-tabs-section-content\" id=\"content-i5bd\"><div class=\"w-tabs-section-content-h i-cf\"><div class=\"wpb_text_column\"><div class=\"wpb_wrapper\"><table dir=\"ltr\" border=\"1\" cellspacing=\"0\" cellpadding=\"0\" data-sheets-root=\"1\" data-sheets-baot=\"1\">\n<colgroup>\n<col width=\"503\" \/>\n<col width=\"90\" \/><\/colgroup>\n<tbody>\n<tr>\n<td>Aranceles Educativos<\/td>\n<td><\/td>\n<\/tr>\n<tr>\n<td>Matr\u00edcula-curso<\/td>\n<td>200.000<\/td>\n<\/tr>\n<tr>\n<td>Matr\u00edcula-Postgrado<\/td>\n<td>350.000<\/td>\n<\/tr>\n<tr>\n<td>Cuota-curso<\/td>\n<td>100.000<\/td>\n<\/tr>\n<tr>\n<td>Cuota-recursante<\/td>\n<td>20.000<\/td>\n<\/tr>\n<tr>\n<td>Cuota-Postgrado<\/td>\n<td>300.000<\/td>\n<\/tr>\n<tr>\n<td>Derecho a Examen 1\u00ba Oportunidad<\/td>\n<td>20.000<\/td>\n<\/tr>\n<tr>\n<td>Derecho a Examen 2\u00ba Oportunidad<\/td>\n<td>25.000<\/td>\n<\/tr>\n<tr>\n<td>Derecho a Examen 3\u00ba Oportunidad<\/td>\n<td>30.000<\/td>\n<\/tr>\n<tr>\n<td>Derecho a Presentaci\u00f3n de Tesis de Postgrado<\/td>\n<td>1.000.000<\/td>\n<\/tr>\n<tr>\n<td>Cuota especial (ballet y otros)<\/td>\n<td>50.000<\/td>\n<\/tr>\n<tr>\n<td>Solicitud de cambio de carrera<\/td>\n<td>100.000<\/td>\n<\/tr>\n<tr>\n<td>Matr\u00edcula curso de capacitaci\u00f3n<\/td>\n<td>200.000<\/td>\n<\/tr>\n<tr>\n<td>Derecho a presentaci\u00f3n de tesis de grado<\/td>\n<td>250.000<\/td>\n<\/tr>\n<tr>\n<td>Derecho a Examen de Ingreso<\/td>\n<td>200.000<\/td>\n<\/tr>\n<tr>\n<td>Derecho a Examen Extraordinario Postgrado<\/td>\n<td>50.000<\/td>\n<\/tr>\n<tr>\n<td>Derecho de Tutor\u00eda Post-Grado<\/td>\n<td>400.000<\/td>\n<\/tr>\n<tr>\n<td>Matr\u00edcula Post-Grado Ita Guas\u00fa<\/td>\n<td>100.000<\/td>\n<\/tr>\n<tr>\n<td>Derecho a Ex\u00e1menes del Programa MEII<\/td>\n<td>350.000<\/td>\n<\/tr>\n<\/tbody>\n<\/table>\n<\/div><\/div><\/div><\/div><\/div><div class=\"w-tabs-section\" id=\"f705\"><button class=\"w-tabs-section-header\" aria-controls=\"content-f705\" aria-expanded=\"false\"><div class=\"w-tabs-section-title\">Venta de servicios de Entidades Descentralizadas<\/div><div class=\"w-tabs-section-control\"><\/div><\/button><div  class=\"w-tabs-section-content\" id=\"content-f705\"><div class=\"w-tabs-section-content-h i-cf\"><div class=\"wpb_text_column\"><div class=\"wpb_wrapper\"><table dir=\"ltr\" border=\"1\" cellspacing=\"0\" cellpadding=\"0\" data-sheets-root=\"1\" data-sheets-baot=\"1\">\n<colgroup>\n<col width=\"503\" \/>\n<col width=\"90\" \/><\/colgroup>\n<tbody>\n<tr>\n<td>Servicios educativos<\/td>\n<td>312.866.467<\/td>\n<\/tr>\n<\/tbody>\n<\/table>\n<\/div><\/div><\/div><\/div><\/div><\/div><\/div><\/div><\/div><\/div><\/div><\/div><\/div><\/div><\/section>\n","protected":false},"excerpt":{"rendered":"Facultad de Humanidades y Ciencias de la Educaci\u00f3n Carreras de grado &nbsp; Carrera Sede o Filial Res. CONES Licenciatura en Ciencias de la Educaci\u00f3n Central\/Concepci\u00f3n 156\/15 Licenciatura en Psicopedagog\u00eda Central\/Concepci\u00f3n 162\/15 Licenciatura en Interculturalidad Central\/Concepci\u00f3n 263\/16 Licenciatura en Ciencias de la Educaci\u00f3n enfoque por Competencias Central\/Concepci\u00f3n 521\/16 Licenciatura en Trabajo Social Central\/Concepci\u00f3n 560\/16 Licenciatura en...","protected":false},"author":1,"featured_media":0,"parent":0,"menu_order":0,"comment_status":"closed","ping_status":"closed","template":"","meta":{"footnotes":""},"class_list":["post-328","page","type-page","status-publish","hentry"],"_links":{"self":[{"href":"https:\/\/softcon.wnpower.host\/index.php?rest_route=\/wp\/v2\/pages\/328","targetHints":{"allow":["GET"]}}],"collection":[{"href":"https:\/\/softcon.wnpower.host\/index.php?rest_route=\/wp\/v2\/pages"}],"about":[{"href":"https:\/\/softcon.wnpower.host\/index.php?rest_route=\/wp\/v2\/types\/page"}],"author":[{"embeddable":true,"href":"https:\/\/softcon.wnpower.host\/index.php?rest_route=\/wp\/v2\/users\/1"}],"replies":[{"embeddable":true,"href":"https:\/\/softcon.wnpower.host\/index.php?rest_route=%2Fwp%2Fv2%2Fcomments&post=328"}],"version-history":[{"count":8,"href":"https:\/\/softcon.wnpower.host\/index.php?rest_route=\/wp\/v2\/pages\/328\/revisions"}],"predecessor-version":[{"id":26746,"href":"https:\/\/softcon.wnpower.host\/index.php?rest_route=\/wp\/v2\/pages\/328\/revisions\/26746"}],"wp:attachment":[{"href":"https:\/\/softcon.wnpower.host\/index.php?rest_route=%2Fwp%2Fv2%2Fmedia&parent=328"}],"curies":[{"name":"wp","href":"https:\/\/api.w.org\/{rel}","templated":true}]}}