{"id":329,"date":"2024-08-12T18:29:45","date_gmt":"2024-08-12T22:29:45","guid":{"rendered":"https:\/\/clientes.gimenez.com.py\/unc\/?page_id=329"},"modified":"2024-10-22T11:58:24","modified_gmt":"2024-10-22T15:58:24","slug":"facultad-de-ciencias-exactas-y-tecnologicas","status":"publish","type":"page","link":"https:\/\/softcon.wnpower.host\/?page_id=329","title":{"rendered":"Facultad de Ciencias Exactas y Tecnol\u00f3gicas"},"content":{"rendered":"<section class=\"l-section wpb_row height_medium\"><div class=\"l-section-h i-cf\"><div class=\"g-cols vc_row via_grid cols_2-1 laptops-cols_inherit tablets-cols_inherit mobiles-cols_1 valign_top type_default stacking_default\"><div class=\"wpb_column vc_column_container\"><div class=\"vc_column-inner\"><div class=\"wpb_text_column\"><div class=\"wpb_wrapper\"><h3>Facultad de Ciencias Exactas y Tecnol\u00f3gicas<\/h3>\n<\/div><\/div><div class=\"w-separator size_small\"><\/div><div class=\"wpb_text_column\"><div class=\"wpb_wrapper\"><h4><strong>Carreras de grado<\/strong><\/h4>\n<table width=\"425\">\n<tbody>\n<tr>\n<td width=\"147\"><strong>Carrera<\/strong><\/td>\n<td width=\"132\"><strong>Sede o Filial<\/strong><\/td>\n<td width=\"147\"><strong>Res. CONES<\/strong><\/td>\n<\/tr>\n<tr>\n<td width=\"147\">Licenciatura en Matem\u00e1tica y F\u00edsica<\/td>\n<td width=\"132\">Central\/Concepci\u00f3n<\/td>\n<td width=\"147\"><a href=\"https:\/\/drive.google.com\/file\/d\/0B5YtqOEn25_NS0VkZ3BQUmYwWk0\/view?usp=sharing&amp;amp;resourcekey=0-2Hfos31qwBjgRm5Rj05NZg\"><strong>555\/16<\/strong><\/a><\/td>\n<\/tr>\n<tr>\n<td width=\"147\">Licenciatura en Matem\u00e1ticas Aplicadas<\/td>\n<td width=\"132\">Central\/Concepci\u00f3n<\/td>\n<td width=\"147\"><a href=\"https:\/\/drive.google.com\/open?id=0B5YtqOEn25_NR1NNMm1Gd050cnc\"><strong>558\/16<\/strong><\/a><\/td>\n<\/tr>\n<tr>\n<td width=\"147\">Ingenier\u00eda Civil<\/td>\n<td width=\"132\">Central\/Concepci\u00f3n<\/td>\n<td width=\"147\"><a href=\"https:\/\/drive.google.com\/open?id=0B5YtqOEn25_Na3VrdjRZZ1EwY3c\"><strong>559\/16<\/strong><\/a><\/td>\n<\/tr>\n<\/tbody>\n<\/table>\n<\/div><\/div><div class=\"w-separator size_medium\"><\/div><div class=\"wpb_text_column\"><div class=\"wpb_wrapper\"><h4><strong>Programas de Pos Grado<\/strong><\/h4>\n<table width=\"425\">\n<tbody>\n<tr>\n<td width=\"147\"><strong>Programa<\/strong><\/td>\n<td width=\"132\"><strong>Sede o Filial<\/strong><\/td>\n<td width=\"147\"><strong>Res. CONES<\/strong><\/td>\n<\/tr>\n<tr>\n<td width=\"147\">Maestr\u00eda en Did\u00e1ctica de las Ciencias: Menci\u00f3n en Matem\u00e1ticas\/ F\u00edsicas\/Qu\u00edmica<\/td>\n<td width=\"132\">Central\/Concepci\u00f3n<\/td>\n<td width=\"147\"><a href=\"https:\/\/drive.google.com\/open?id=0B5YtqOEn25_Nc2RpeHFlSlFKbHc\"><strong>285\/16<\/strong><\/a><\/td>\n<\/tr>\n<tr>\n<td width=\"147\">Especializaci\u00f3n en Ingenier\u00eda Vial<\/td>\n<td width=\"132\">Central \u2013 Concepci\u00f3n<\/td>\n<td width=\"147\"><a href=\"https:\/\/drive.google.com\/file\/d\/17Wvyug7rAfDKcsNdNEqVMj9o8LYVkiVX\/view?usp=sharing\"><strong>409\/23<\/strong><\/a><\/td>\n<\/tr>\n<tr>\n<td width=\"147\">Maestr\u00eda en Did\u00e1ctica de las Ciencias -Menci\u00f3n: Matem\u00e1tica\/F\u00edsica\/ Qu\u00edmica<\/td>\n<td width=\"132\">Central &#8211; Concepci\u00f3n<\/td>\n<td width=\"147\"><a href=\"https:\/\/drive.google.com\/file\/d\/1NCuhKT3Jx1by-Jpm2Od7SJ3HklavpptZ\/view?usp=drive_link\"><strong>464\/23<\/strong><\/a><\/td>\n<\/tr>\n<\/tbody>\n<\/table>\n<\/div><\/div><\/div><\/div><div class=\"wpb_column vc_column_container us_custom_1153e2dc\"><div class=\"vc_column-overlay\" style=\"background:#f5f5f5\"><\/div><div class=\"vc_column-inner\"><div class=\"w-separator size_small\"><\/div><div class=\"wpb_text_column\"><div class=\"wpb_wrapper\"><h4 style=\"text-align: center;\">\u00a1Para m\u00e1s informaci\u00f3n, visit\u00e1 el sitio web de esta facultad!<\/h4>\n<\/div><\/div><div class=\"w-separator size_small\"><\/div><div class=\"w-btn-wrapper align_center\"><a class=\"w-btn us-btn-style_1\" target=\"_blank\" rel=\"nofollow\" href=\"https:\/\/facet-unc.edu.py\/ \"><span class=\"w-btn-label\">Ir al sitio<\/span><\/a><\/div><div class=\"w-separator size_small\"><\/div><div class=\"wpb_text_column\"><div class=\"wpb_wrapper\"><p>Direcci\u00f3n Campus Universitario: Ruta Py05, Km 210.<\/p>\n<p>Tel\u00e9fono: (595 331) \u2013 243361.<\/p>\n<p>Email: academicofacet@unc.edu.py;<br \/>\nEmail: decanatofacet@unc.edu.py.<\/p>\n<p>P\u00e1gina Web:<br \/>\nwww.facet-unc.edu.py<\/p>\n<\/div><\/div><div class=\"w-separator size_medium\"><\/div><div class=\"wpb_text_column\"><div class=\"wpb_wrapper\"><h4 style=\"text-align: center;\">Conozca m\u00e1s sobre otras facultades de la UNC<\/h4>\n<\/div><\/div><div class=\"w-separator size_medium\"><\/div><div class=\"g-cols wpb_row via_grid cols_2 laptops-cols_inherit tablets-cols_inherit mobiles-cols_1 valign_top type_default stacking_default\" style=\"--gap:3rem;\"><div class=\"wpb_column vc_column_container\"><div class=\"vc_column-inner\"><div class=\"w-image align_none\"><a title=\"Facultad Odontolog\u00eda\" href=\"https:\/\/new.unc.edu.py\/facultad-odontologia\/\" aria-label=\"FOD\" class=\"w-image-h\"><img decoding=\"async\" width=\"601\" height=\"601\" src=\"https:\/\/softcon.wnpower.host\/wp-content\/uploads\/2024\/08\/FOD.png\" class=\"attachment-large size-large\" alt=\"\" loading=\"lazy\" srcset=\"https:\/\/softcon.wnpower.host\/wp-content\/uploads\/2024\/08\/FOD.png 601w, https:\/\/softcon.wnpower.host\/wp-content\/uploads\/2024\/08\/FOD-300x300.png 300w, https:\/\/softcon.wnpower.host\/wp-content\/uploads\/2024\/08\/FOD-150x150.png 150w\" sizes=\"auto, (max-width: 601px) 100vw, 601px\" \/><\/a><\/div><\/div><\/div><div class=\"wpb_column vc_column_container\"><div class=\"vc_column-inner\"><div class=\"w-image align_none\"><a title=\"Facultad de Medicina\" href=\"https:\/\/new.unc.edu.py\/facultad-de-medicina\/\" aria-label=\"FM\" class=\"w-image-h\"><img decoding=\"async\" width=\"601\" height=\"601\" src=\"https:\/\/softcon.wnpower.host\/wp-content\/uploads\/2024\/08\/FM.png\" class=\"attachment-large size-large\" alt=\"\" loading=\"lazy\" srcset=\"https:\/\/softcon.wnpower.host\/wp-content\/uploads\/2024\/08\/FM.png 601w, https:\/\/softcon.wnpower.host\/wp-content\/uploads\/2024\/08\/FM-300x300.png 300w, https:\/\/softcon.wnpower.host\/wp-content\/uploads\/2024\/08\/FM-150x150.png 150w\" sizes=\"auto, (max-width: 601px) 100vw, 601px\" \/><\/a><\/div><\/div><\/div><\/div><div class=\"w-separator size_small\"><\/div><div class=\"g-cols wpb_row via_grid cols_2 laptops-cols_inherit tablets-cols_inherit mobiles-cols_1 valign_top type_default stacking_default\" style=\"--gap:3rem;\"><div class=\"wpb_column vc_column_container\"><div class=\"vc_column-inner\"><div class=\"w-image align_none\"><a title=\"Facultad de Ciencias Exactas y Tecnol\u00f3gicas\" href=\"https:\/\/new.unc.edu.py\/facultad-de-humanidades-y-ciencias-de-la-educacion\/\" aria-label=\"FU\" class=\"w-image-h\"><img decoding=\"async\" width=\"601\" height=\"601\" src=\"https:\/\/softcon.wnpower.host\/wp-content\/uploads\/2024\/08\/FU.png\" class=\"attachment-large size-large\" alt=\"\" loading=\"lazy\" srcset=\"https:\/\/softcon.wnpower.host\/wp-content\/uploads\/2024\/08\/FU.png 601w, https:\/\/softcon.wnpower.host\/wp-content\/uploads\/2024\/08\/FU-300x300.png 300w, https:\/\/softcon.wnpower.host\/wp-content\/uploads\/2024\/08\/FU-150x150.png 150w\" sizes=\"auto, (max-width: 601px) 100vw, 601px\" \/><\/a><\/div><\/div><\/div><div class=\"wpb_column vc_column_container\"><div class=\"vc_column-inner\"><div class=\"w-image align_none\"><a title=\"Facultad de Ciencias Agrarias\" href=\"https:\/\/new.unc.edu.py\/facultad-de-ciencias-economicas-y-administrativas\/\" aria-label=\"FCEA\" class=\"w-image-h\"><img decoding=\"async\" width=\"601\" height=\"601\" src=\"https:\/\/softcon.wnpower.host\/wp-content\/uploads\/2024\/08\/FCEA.png\" class=\"attachment-large size-large\" alt=\"\" loading=\"lazy\" srcset=\"https:\/\/softcon.wnpower.host\/wp-content\/uploads\/2024\/08\/FCEA.png 601w, https:\/\/softcon.wnpower.host\/wp-content\/uploads\/2024\/08\/FCEA-300x300.png 300w, https:\/\/softcon.wnpower.host\/wp-content\/uploads\/2024\/08\/FCEA-150x150.png 150w\" sizes=\"auto, (max-width: 601px) 100vw, 601px\" \/><\/a><\/div><\/div><\/div><\/div><div class=\"w-separator size_small\"><\/div><div class=\"g-cols wpb_row via_grid cols_2 laptops-cols_inherit tablets-cols_inherit mobiles-cols_1 valign_top type_default stacking_default\" style=\"--gap:3rem;\"><div class=\"wpb_column vc_column_container\"><div class=\"vc_column-inner\"><div class=\"w-image align_none\"><a title=\"Facultad de Ciencias Exactas y Tecnol\u00f3gicas\" href=\"https:\/\/new.unc.edu.py\/facultad-de-ciencias-exactas-y-tecnologicas\/\" aria-label=\"FCE\" class=\"w-image-h\"><img decoding=\"async\" width=\"601\" height=\"601\" src=\"https:\/\/softcon.wnpower.host\/wp-content\/uploads\/2024\/08\/FCE.png\" class=\"attachment-large size-large\" alt=\"\" loading=\"lazy\" srcset=\"https:\/\/softcon.wnpower.host\/wp-content\/uploads\/2024\/08\/FCE.png 601w, https:\/\/softcon.wnpower.host\/wp-content\/uploads\/2024\/08\/FCE-300x300.png 300w, https:\/\/softcon.wnpower.host\/wp-content\/uploads\/2024\/08\/FCE-150x150.png 150w\" sizes=\"auto, (max-width: 601px) 100vw, 601px\" \/><\/a><\/div><\/div><\/div><div class=\"wpb_column vc_column_container\"><div class=\"vc_column-inner\"><div class=\"w-image align_none\"><a title=\"Facultad de Ciencias Agrarias\" href=\"https:\/\/new.unc.edu.py\/facultad-de-ciencias-agrarias\/\" aria-label=\"FCA\" class=\"w-image-h\"><img decoding=\"async\" width=\"601\" height=\"601\" src=\"https:\/\/softcon.wnpower.host\/wp-content\/uploads\/2024\/08\/FCA.png\" class=\"attachment-large size-large\" alt=\"\" loading=\"lazy\" srcset=\"https:\/\/softcon.wnpower.host\/wp-content\/uploads\/2024\/08\/FCA.png 601w, https:\/\/softcon.wnpower.host\/wp-content\/uploads\/2024\/08\/FCA-300x300.png 300w, https:\/\/softcon.wnpower.host\/wp-content\/uploads\/2024\/08\/FCA-150x150.png 150w\" sizes=\"auto, (max-width: 601px) 100vw, 601px\" \/><\/a><\/div><\/div><\/div><\/div><\/div><\/div><\/div><\/div><\/section><section class=\"l-section wpb_row height_medium\"><div class=\"l-section-h i-cf\"><div class=\"g-cols vc_row via_grid cols_1 laptops-cols_inherit tablets-cols_inherit mobiles-cols_1 valign_top type_default stacking_default\"><div class=\"wpb_column vc_column_container\"><div class=\"vc_column-inner\"><div class=\"wpb_text_column\"><div class=\"wpb_wrapper\"><h3><strong>Aranceles<\/strong><\/h3>\n<\/div><\/div><div class=\"w-separator size_medium\"><\/div><div class=\"g-cols wpb_row via_grid cols_1 laptops-cols_inherit tablets-cols_inherit mobiles-cols_1 valign_top type_default stacking_default\" style=\"--gap:3rem;\"><div class=\"wpb_column vc_column_container\"><div class=\"vc_column-inner\"><div class=\"w-tabs layout_hor style_default switch_click has_scrolling\" style=\"--sections-title-size:1em\"><div class=\"w-tabs-list items_4 align_none\"><div class=\"w-tabs-list-h\"><button class=\"w-tabs-item active\" aria-controls=\"content-m34f\" aria-expanded=\"false\"><span class=\"w-tabs-item-title\">Multas<\/span><\/button><button class=\"w-tabs-item\" aria-controls=\"content-i6d2\" aria-expanded=\"false\"><span class=\"w-tabs-item-title\">Venta de Bienes de la Administraci\u00f3n P\u00fablica<\/span><\/button><button class=\"w-tabs-item\" aria-controls=\"content-vc29\" aria-expanded=\"false\"><span class=\"w-tabs-item-title\">Venta de Servicios de la Administraci\u00f3n P\u00fablica<\/span><\/button><button class=\"w-tabs-item\" aria-controls=\"content-i425\" aria-expanded=\"false\"><span class=\"w-tabs-item-title\">Servicios Varios<\/span><\/button><\/div><\/div><div class=\"w-tabs-sections titles-align_none icon_chevron cpos_right\"><div class=\"w-tabs-section active\" id=\"m34f\"><button class=\"w-tabs-section-header active\" aria-controls=\"content-m34f\" aria-expanded=\"true\"><div class=\"w-tabs-section-title\">Multas<\/div><div class=\"w-tabs-section-control\"><\/div><\/button><div  class=\"w-tabs-section-content\" id=\"content-m34f\"><div class=\"w-tabs-section-content-h i-cf\"><div class=\"wpb_text_column\"><div class=\"wpb_wrapper\"><table dir=\"ltr\" border=\"1\" cellspacing=\"0\" cellpadding=\"0\" data-sheets-root=\"1\" data-sheets-baot=\"1\">\n<colgroup>\n<col width=\"503\" \/>\n<col width=\"90\" \/><\/colgroup>\n<tbody>\n<tr>\n<td>Multa por retraso de matr\u00edcula<\/td>\n<td>15.000<\/td>\n<\/tr>\n<tr>\n<td>Multa por retraso de cuotas<\/td>\n<td>15.000<\/td>\n<\/tr>\n<\/tbody>\n<\/table>\n<\/div><\/div><\/div><\/div><\/div><div class=\"w-tabs-section\" id=\"i6d2\"><button class=\"w-tabs-section-header\" aria-controls=\"content-i6d2\" aria-expanded=\"false\"><div class=\"w-tabs-section-title\">Venta de Bienes de la Administraci\u00f3n P\u00fablica<\/div><div class=\"w-tabs-section-control\"><\/div><\/button><div  class=\"w-tabs-section-content\" id=\"content-i6d2\"><div class=\"w-tabs-section-content-h i-cf\"><div class=\"wpb_text_column\"><div class=\"wpb_wrapper\"><table dir=\"ltr\" border=\"1\" cellspacing=\"0\" cellpadding=\"0\" data-sheets-root=\"1\" data-sheets-baot=\"1\">\n<colgroup>\n<col width=\"503\" \/>\n<col width=\"90\" \/><\/colgroup>\n<tbody>\n<tr>\n<td>Venta de Libros, formularios y documentos<\/td>\n<td><\/td>\n<\/tr>\n<tr>\n<td>Ventas de Programas de Estudios foliados y rubricados<\/td>\n<td>50.000<\/td>\n<\/tr>\n<tr>\n<td>Carpeta para concurso<\/td>\n<td>150.000<\/td>\n<\/tr>\n<tr>\n<td>Certificado de Estudios parcial y completo<\/td>\n<td>42.000<\/td>\n<\/tr>\n<tr>\n<td>Constancias Varias<\/td>\n<td>40.000<\/td>\n<\/tr>\n<tr>\n<td>Venta de Programas de Estudios<\/td>\n<td>25.000<\/td>\n<\/tr>\n<tr>\n<td>Credencial de estudiante-funcionario-docente<\/td>\n<td>100.000<\/td>\n<\/tr>\n<tr>\n<td>Formulario de inscripci\u00f3n para Admisi\u00f3n CPI<\/td>\n<td>200.000<\/td>\n<\/tr>\n<tr>\n<td>Constancia de inscripci\u00f3n a Ex\u00e1menes; 1ra., 2da., 3ra. y Recuperatorio<\/td>\n<td>10.000<\/td>\n<\/tr>\n<\/tbody>\n<\/table>\n<\/div><\/div><\/div><\/div><\/div><div class=\"w-tabs-section\" id=\"vc29\"><button class=\"w-tabs-section-header\" aria-controls=\"content-vc29\" aria-expanded=\"false\"><div class=\"w-tabs-section-title\">Venta de Servicios de la Administraci\u00f3n P\u00fablica<\/div><div class=\"w-tabs-section-control\"><\/div><\/button><div  class=\"w-tabs-section-content\" id=\"content-vc29\"><div class=\"w-tabs-section-content-h i-cf\"><div class=\"wpb_text_column\"><div class=\"wpb_wrapper\"><table dir=\"ltr\" border=\"1\" cellspacing=\"0\" cellpadding=\"0\" data-sheets-root=\"1\" data-sheets-baot=\"1\">\n<colgroup>\n<col width=\"503\" \/>\n<col width=\"90\" \/><\/colgroup>\n<tbody>\n<tr>\n<td>Aranceles Educativos<\/td>\n<td><\/td>\n<\/tr>\n<tr>\n<td>Matr\u00edcula FACET<\/td>\n<td>400.000<\/td>\n<\/tr>\n<tr>\n<td>Cuota CPI \/ Pre-grado<\/td>\n<td>100.000<\/td>\n<\/tr>\n<tr>\n<td>Cuota Curso de Grado<\/td>\n<td>100.000<\/td>\n<\/tr>\n<tr>\n<td>Derecho a Examen CPI 1ra. Etapa\/Extraordinario<\/td>\n<td>250.000<\/td>\n<\/tr>\n<tr>\n<td>Derecho a Ex\u00e1menes Finales CPI<\/td>\n<td>250.000<\/td>\n<\/tr>\n<tr>\n<td>Derecho a Examen 1ra. Oportunidad<\/td>\n<td>20.000<\/td>\n<\/tr>\n<tr>\n<td>Derecho a Examen 2da. Oportunidad<\/td>\n<td>25.000<\/td>\n<\/tr>\n<tr>\n<td>Derecho a Examen 3ra. Oportunidad<\/td>\n<td>30.000<\/td>\n<\/tr>\n<tr>\n<td>Derecho a Defensa de tesis de posgrado<\/td>\n<td>500.000<\/td>\n<\/tr>\n<tr>\n<td>Cuota Post Grado<\/td>\n<td>500.000<\/td>\n<\/tr>\n<tr>\n<td>Cuota por Materia<\/td>\n<td>25.000<\/td>\n<\/tr>\n<tr>\n<td>Defensa Trabajo Final Curso Especializaci\u00f3n<\/td>\n<td>1.000.000<\/td>\n<\/tr>\n<tr>\n<td>Tutor\u00eda Trabajo Final de Grado<\/td>\n<td>400.000<\/td>\n<\/tr>\n<tr>\n<td>Derecho de Examen Recuperatorio<\/td>\n<td>20.000<\/td>\n<\/tr>\n<tr>\n<td>Direcci\u00f3n de Tesis de Postgrado<\/td>\n<td>500.000<\/td>\n<\/tr>\n<tr>\n<td>Tutor\u00eda de Proyecto de Investigaci\u00f3n de Postgrado<\/td>\n<td>500.000<\/td>\n<\/tr>\n<tr>\n<td>Admisi\u00f3n por traslado<\/td>\n<td>500.000<\/td>\n<\/tr>\n<tr>\n<td>Homologaci\u00f3n por asignatura<\/td>\n<td>125.000<\/td>\n<\/tr>\n<tr>\n<td>Pasant\u00eda Profesional Supervisada<\/td>\n<td>200.000<\/td>\n<\/tr>\n<tr>\n<td>Derecho a ex\u00e1menes del programa maestr\u00eda<\/td>\n<td>500.000<\/td>\n<\/tr>\n<tr>\n<td>Derecho a Examen Extraordinario Especializaci\u00f3n<\/td>\n<td>250.000<\/td>\n<\/tr>\n<tr>\n<td>Matr\u00edcula Especializaci\u00f3n &#8211; FACET<\/td>\n<td>700.000<\/td>\n<\/tr>\n<\/tbody>\n<\/table>\n<\/div><\/div><\/div><\/div><\/div><div class=\"w-tabs-section\" id=\"i425\"><button class=\"w-tabs-section-header\" aria-controls=\"content-i425\" aria-expanded=\"false\"><div class=\"w-tabs-section-title\">Servicios Varios<\/div><div class=\"w-tabs-section-control\"><\/div><\/button><div  class=\"w-tabs-section-content\" id=\"content-i425\"><div class=\"w-tabs-section-content-h i-cf\"><div class=\"wpb_text_column\"><div class=\"wpb_wrapper\"><table dir=\"ltr\" border=\"1\" cellspacing=\"0\" cellpadding=\"0\" data-sheets-root=\"1\" data-sheets-baot=\"1\">\n<colgroup>\n<col width=\"503\" \/>\n<col width=\"90\" \/><\/colgroup>\n<tbody>\n<tr>\n<td>Rotura a compresi\u00f3n de probetas cil\u00edndricas de hormig\u00f3n<\/td>\n<td>100.000<\/td>\n<\/tr>\n<tr>\n<td>Rotura de probetas Marshall<\/td>\n<td>175.000<\/td>\n<\/tr>\n<tr>\n<td>Rotura de CBR y Proctor<\/td>\n<td>175.000<\/td>\n<\/tr>\n<tr>\n<td>Clasificaci\u00f3n de Suelos<\/td>\n<td>125.000<\/td>\n<\/tr>\n<tr>\n<td>Abrasi\u00f3n Los \u00c1ngeles<\/td>\n<td>250.000<\/td>\n<\/tr>\n<tr>\n<td>L\u00edmite Pl\u00e1stico<\/td>\n<td>50.000<\/td>\n<\/tr>\n<tr>\n<td>L\u00edmite L\u00edquido<\/td>\n<td>50.000<\/td>\n<\/tr>\n<tr>\n<td>Granulometr\u00eda<\/td>\n<td>50.000<\/td>\n<\/tr>\n<tr>\n<td>Primer Desembolso Proyecto de Investigaci\u00f3n CONACYT<\/td>\n<td>369.600.000<\/td>\n<\/tr>\n<tr>\n<td>Segundo Desembolso Proyecto de Investigaci\u00f3n CONACYT<\/td>\n<td>92.400.000<\/td>\n<\/tr>\n<\/tbody>\n<\/table>\n<\/div><\/div><\/div><\/div><\/div><\/div><\/div><\/div><\/div><\/div><\/div><\/div><\/div><\/div><\/section>\n","protected":false},"excerpt":{"rendered":"Facultad de Ciencias Exactas y Tecnol\u00f3gicas Carreras de grado Carrera Sede o Filial Res. CONES Licenciatura en Matem\u00e1tica y F\u00edsica Central\/Concepci\u00f3n 555\/16 Licenciatura en Matem\u00e1ticas Aplicadas Central\/Concepci\u00f3n 558\/16 Ingenier\u00eda Civil Central\/Concepci\u00f3n 559\/16 Programas de Pos Grado Programa Sede o Filial Res. CONES Maestr\u00eda en Did\u00e1ctica de las Ciencias: Menci\u00f3n en Matem\u00e1ticas\/ F\u00edsicas\/Qu\u00edmica Central\/Concepci\u00f3n 285\/16 Especializaci\u00f3n...","protected":false},"author":1,"featured_media":0,"parent":0,"menu_order":0,"comment_status":"closed","ping_status":"closed","template":"","meta":{"footnotes":""},"class_list":["post-329","page","type-page","status-publish","hentry"],"_links":{"self":[{"href":"https:\/\/softcon.wnpower.host\/index.php?rest_route=\/wp\/v2\/pages\/329","targetHints":{"allow":["GET"]}}],"collection":[{"href":"https:\/\/softcon.wnpower.host\/index.php?rest_route=\/wp\/v2\/pages"}],"about":[{"href":"https:\/\/softcon.wnpower.host\/index.php?rest_route=\/wp\/v2\/types\/page"}],"author":[{"embeddable":true,"href":"https:\/\/softcon.wnpower.host\/index.php?rest_route=\/wp\/v2\/users\/1"}],"replies":[{"embeddable":true,"href":"https:\/\/softcon.wnpower.host\/index.php?rest_route=%2Fwp%2Fv2%2Fcomments&post=329"}],"version-history":[{"count":7,"href":"https:\/\/softcon.wnpower.host\/index.php?rest_route=\/wp\/v2\/pages\/329\/revisions"}],"predecessor-version":[{"id":26705,"href":"https:\/\/softcon.wnpower.host\/index.php?rest_route=\/wp\/v2\/pages\/329\/revisions\/26705"}],"wp:attachment":[{"href":"https:\/\/softcon.wnpower.host\/index.php?rest_route=%2Fwp%2Fv2%2Fmedia&parent=329"}],"curies":[{"name":"wp","href":"https:\/\/api.w.org\/{rel}","templated":true}]}}